{"id":728,"date":"2025-09-13T11:38:53","date_gmt":"2025-09-13T09:38:53","guid":{"rendered":"https:\/\/www.software-lab.io\/?page_id=728"},"modified":"2025-09-14T22:10:42","modified_gmt":"2025-09-14T20:10:42","slug":"data-protection","status":"publish","type":"page","link":"https:\/\/www.software-lab.io\/en\/data-protection\/","title":{"rendered":"Data protection notice"},"content":{"rendered":"<div class=\"wp-block-cover alignfull\" style=\"min-height:500px;aspect-ratio:unset;\"><img loading=\"lazy\" decoding=\"async\" width=\"1011\" height=\"547\" class=\"wp-block-cover__image-background wp-image-766 size-full\" alt=\"\" src=\"https:\/\/www.software-lab.io\/wp-content\/uploads\/2025\/09\/Gemini_Generated_Image_sop7zksop7zksop7.png\" data-object-fit=\"cover\" srcset=\"https:\/\/www.software-lab.io\/wp-content\/uploads\/2025\/09\/Gemini_Generated_Image_sop7zksop7zksop7.png 1011w, https:\/\/www.software-lab.io\/wp-content\/uploads\/2025\/09\/Gemini_Generated_Image_sop7zksop7zksop7-300x162.png 300w, https:\/\/www.software-lab.io\/wp-content\/uploads\/2025\/09\/Gemini_Generated_Image_sop7zksop7zksop7-768x416.png 768w\" sizes=\"auto, (max-width: 1011px) 100vw, 1011px\" \/><span aria-hidden=\"true\" class=\"wp-block-cover__background has-palette-color-4-background-color has-background-dim-90 has-background-dim\"><\/span><div class=\"wp-block-cover__inner-container is-layout-flow wp-block-cover-is-layout-flow\">\n<p class=\"has-text-align-center has-large-font-size\"><\/p>\n\n\n\n<p><\/p>\n<\/div><\/div>\n\n\n\n<div class=\"wp-block-stackable-spacer stk-block-spacer stk--no-padding stk-block stk-ce594ed\" data-block-id=\"ce594ed\"><style>.stk-ce594ed {height:50px !important;}<\/style><\/div>\n\n\n\n<div class=\"wp-block-stackable-heading stk-block-heading stk-block-heading--v2 stk-block stk-f009ba0\" id=\"datenschutz\" data-block-id=\"f009ba0\"><h2 class=\"stk-block-heading__text\">Data protection<\/h2><\/div>\n\n\n\n<h5 class=\"wp-block-heading\"><strong><span style=\"color: var(--theme-palette-color-4, #192a3d);\" class=\"stk-highlight\">Data protection<\/span><\/strong><\/h5>\n\n\n\n<h5 class=\"wp-block-heading\">1. Privacy at a Glance<\/h5>\n\n\n\n<p>General Information<\/p>\n\n\n\n<p>The following information provides a simple overview of what happens to your personal data when you visit this website. Personal data is any data with which you can be personally identified. For detailed information on the subject of data protection, please refer to our privacy policy listed below this text.<\/p>\n\n\n\n<h5 class=\"wp-block-heading\"><strong>Data Collection on This Website<\/strong><\/h5>\n\n\n\n<h6 class=\"wp-block-heading\">Who is responsible for data collection on this website?<\/h6>\n\n\n\n<p>The data processing on this website is carried out by the website operator. Their contact details can be found in the \u201eInformation on the responsible party\u201c section of this privacy policy.<\/p>\n\n\n\n<h6 class=\"wp-block-heading\">How do we collect your data?<\/h6>\n\n\n\n<p>Ihre Daten werden zum einen dadurch erhoben, dass Sie uns diese mitteilen. Hierbei kann es sich z.&nbsp;B. um Daten handeln, die Sie in ein Kontaktformular eingeben. Andere Daten werden automatisch oder nach Ihrer Einwilligung beim Besuch der Website durch unsere IT-Systeme erfasst. Das sind vor allem technische Daten (z.&nbsp;B. Internetbrowser, Betriebssystem oder Uhrzeit des Seitenaufrufs). Die Erfassung dieser Daten erfolgt automatisch, sobald Sie diese Website betreten.<\/p>\n\n\n\n<h6 class=\"wp-block-heading\">What do we use your data for?<\/h6>\n\n\n\n<p>Part of the data is collected to ensure the error-free provision of the website. Other data may be used to analyze your user behavior. If contracts can be concluded or initiated via the website, the transmitted data will also be processed for contract offers, orders, or other order inquiries.<\/p>\n\n\n\n<h6 class=\"wp-block-heading\">What rights do you have regarding your data?<\/h6>\n\n\n\n<p>You have the right at any time to receive information free of charge about the origin, recipient, and purpose of your stored personal data. You also have a right to request the rectification or erasure of this data. If you have given consent to data processing, you can revoke this consent at any time for the future. Furthermore, you have the right to request the restriction of the processing of your personal data under certain circumstances. You also have the right to lodge a complaint with the competent supervisory authority.<\/p>\n\n\n\n<p>You can contact us at any time regarding this and any other questions on the subject of data protection.<\/p>\n\n\n\n<h5 class=\"wp-block-heading\">2. Hosting <\/h5>\n\n\n\n<p>We host the content of our website with the following provider:<\/p>\n\n\n\n<h6 class=\"wp-block-heading\">IONOS <\/h6>\n\n\n\n<p>The provider is IONOS SE, Elgendorfer Str. 57, 56410 Montabaur, Germany (hereinafter IONOS). When you visit our website, IONOS collects various log files including your IP addresses. For details, please see the IONOS privacy policy: <a href=\"https:\/\/www.ionos.de\/terms-gtc\/terms-privacy\">https:\/\/www.ionos.de\/terms-gtc\/terms-privacy<\/a>.<\/p>\n\n\n\n<p>The use of IONOS is based on Art. 6(1)(f) GDPR. We have a legitimate interest in ensuring our website is presented as reliably as possible. If a corresponding consent has been requested, the processing is carried out exclusively on the basis of Art. 6(1)(a) GDPR and \u00a7 25(1) TDDDG, insofar as the consent includes the storage of cookies or access to information on the user\u2019s end device (e.g., device fingerprinting) within the meaning of the TDDDG. Consent can be revoked at any time.<\/p>\n\n\n\n<h5 class=\"wp-block-heading\">3. General Information and Mandatory Information<\/h5>\n\n\n\n<p>Data protection<\/p>\n\n\n\n<h6 class=\"wp-block-heading\">Data Protection <\/h6>\n\n\n\n<p>The operators of these pages take the protection of your personal data very seriously. We treat your personal data confidentially and in accordance with the statutory data protection regulations and this privacy policy.<\/p>\n\n\n\n<p>When you use this website, various personal data are collected. Personal data is data with which you can be personally identified. This privacy policy explains what data we collect and what we use it for. It also explains how and for what purpose this happens.<\/p>\n\n\n\n<p>We would like to point out that data transmission over the Internet (e.g., when communicating by e-mail) can have security gaps. Complete protection of data against access by third parties is not possible.<\/p>\n\n\n\n<h6 class=\"wp-block-heading\">Information on the responsible party<\/h6>\n\n\n\n<p>The responsible party for data processing on this website is:<\/p>\n\n\n\n<p>Michael Schreiber<br>Grockelhofen 32a<br>89340 Leipheim <\/p>\n\n\n\n<p>Phone: <a href=\"tel:4901744494491\">+49 (0) 174 4494491<\/a><br>E-Mail: <a href=\"mailto:info@software-lab.io\">info@software-lab.io<\/a><\/p>\n\n\n\n<p>Verantwortliche Stelle ist die nat\u00fcrliche oder juristische Person, die allein oder gemeinsam mit anderen \u00fcber die Zwecke und Mittel der Verarbeitung von personenbezogenen Daten (z.&nbsp;B. Namen, E-Mail-Adressen o. \u00c4.) entscheidet.<\/p>\n\n\n\n<h6 class=\"wp-block-heading\">Storage Period<\/h6>\n\n\n\n<p>Soweit innerhalb dieser Datenschutzerkl\u00e4rung keine speziellere Speicherdauer genannt wurde, verbleiben Ihre personenbezogenen Daten bei uns, bis der Zweck f\u00fcr die Datenverarbeitung entf\u00e4llt. Wenn Sie ein berechtigtes L\u00f6schersuchen geltend machen oder eine Einwilligung zur Datenverarbeitung widerrufen, werden Ihre Daten gel\u00f6scht, sofern wir keine anderen rechtlich zul\u00e4ssigen Gr\u00fcnde f\u00fcr die Speicherung Ihrer personenbezogenen Daten haben (z.&nbsp;B. steuer- oder handelsrechtliche Aufbewahrungsfristen); im letztgenannten Fall erfolgt die L\u00f6schung nach Fortfall dieser Gr\u00fcnde.<\/p>\n\n\n\n<h6 class=\"wp-block-heading\">General Information on the Legal Basis for Data Processing on This Website<\/h6>\n\n\n\n<p>Sofern Sie in die Datenverarbeitung eingewilligt haben, verarbeiten wir Ihre personenbezogenen Daten auf Grundlage von Art. 6 Abs. 1 lit. a DSGVO bzw. Art. 9 Abs. 2 lit. a DSGVO, sofern besondere Datenkategorien nach Art. 9 Abs. 1 DSGVO verarbeitet werden. Im Falle einer ausdr\u00fccklichen Einwilligung in die \u00dcbertragung personenbezogener Daten in Drittstaaten erfolgt die Datenverarbeitung au\u00dferdem auf Grundlage von Art. 49 Abs. 1 lit. a DSGVO. Sofern Sie in die Speicherung von Cookies oder in den Zugriff auf Informationen in Ihr Endger\u00e4t (z.&nbsp;B. via Device-Fingerprinting) eingewilligt haben, erfolgt die Datenverarbeitung zus\u00e4tzlich auf Grundlage von \u00a7 25 Abs. 1 TDDDG. Die Einwilligung ist jederzeit widerrufbar. Sind Ihre Daten zur Vertragserf\u00fcllung oder zur Durchf\u00fchrung vorvertraglicher Ma\u00dfnahmen erforderlich, verarbeiten wir Ihre Daten auf Grundlage des Art. 6 Abs. 1 lit. b DSGVO. Des Weiteren verarbeiten wir Ihre Daten, sofern diese zur Erf\u00fcllung einer rechtlichen Verpflichtung erforderlich sind auf Grundlage von Art. 6 Abs. 1 lit. c DSGVO. Die Datenverarbeitung kann ferner auf Grundlage unseres berechtigten Interesses nach Art. 6 Abs. 1 lit. f DSGVO erfolgen. \u00dcber die jeweils im Einzelfall einschl\u00e4gigen Rechtsgrundlagen wird in den folgenden Abs\u00e4tzen dieser Datenschutzerkl\u00e4rung informiert.<\/p>\n\n\n\n<h6 class=\"wp-block-heading\">Recipients of Personal Data<\/h6>\n\n\n\n<p>Im Rahmen unserer Gesch\u00e4ftst\u00e4tigkeit arbeiten wir mit verschiedenen externen Stellen zusammen. Dabei ist teilweise auch eine \u00dcbermittlung von personenbezogenen Daten an diese externen Stellen erforderlich. Wir geben personenbezogene Daten nur dann an externe Stellen weiter, wenn dies im Rahmen einer Vertragserf\u00fcllung erforderlich ist, wenn wir gesetzlich hierzu verpflichtet sind (z.&nbsp;B. Weitergabe von Daten an Steuerbeh\u00f6rden), wenn wir ein berechtigtes Interesse nach Art. 6 Abs. 1 lit. f DSGVO an der Weitergabe haben oder wenn eine sonstige Rechtsgrundlage die Datenweitergabe erlaubt. Beim Einsatz von Auftragsverarbeitern geben wir personenbezogene Daten unserer Kunden nur auf Grundlage eines g\u00fcltigen Vertrags \u00fcber Auftragsverarbeitung weiter. Im Falle einer gemeinsamen Verarbeitung wird ein Vertrag \u00fcber gemeinsame Verarbeitung geschlossen.<\/p>\n\n\n\n<h6 class=\"wp-block-heading\">Revocation of Your Consent to Data Processing<\/h6>\n\n\n\n<p>Many data processing operations are only possible with your express consent. You can revoke a consent you have already given at any time. The legality of the data processing carried out until the revocation remains unaffected by the revocation.<\/p>\n\n\n\n<p>Right to Object to Data Collection in Special Cases and to Direct Marketing (Art. 21 GDPR)<\/p>\n\n\n\n<p>IF THE DATA PROCESSING IS BASED ON ART. 6(1)(E) OR (F) GDPR, YOU HAVE THE RIGHT TO OBJECT TO THE PROCESSING OF YOUR PERSONAL DATA AT ANY TIME FOR REASONS ARISING FROM YOUR PARTICULAR SITUATION; THIS ALSO APPLIES TO PROFILING BASED ON THESE PROVISIONS. THE RESPECTIVE LEGAL BASIS ON WHICH PROCESSING IS BASED CAN BE FOUND IN THIS PRIVACY POLICY. IF YOU OBJECT, WE WILL NO LONGER PROCESS YOUR AFFECTED PERSONAL DATA UNLESS WE CAN DEMONSTRATE COMPELLING LEGITIMATE GROUNDS FOR THE PROCESSING WHICH OVERRIDE YOUR INTERESTS, RIGHTS AND FREEDOMS, OR THE PROCESSING SERVES THE ESTABLISHMENT, EXERCISE OR DEFENSE OF LEGAL CLAIMS (OBJECTION UNDER ART. 21(1) GDPR).<\/p>\n\n\n\n<p>IF YOUR PERSONAL DATA IS PROCESSED FOR DIRECT MARKETING PURPOSES, YOU HAVE THE RIGHT TO OBJECT AT ANY TIME TO THE PROCESSING OF PERSONAL DATA CONCERNING YOU FOR THE PURPOSE OF SUCH MARKETING; THIS ALSO APPLIES TO PROFILING TO THE EXTENT THAT IT IS RELATED TO SUCH DIRECT MARKETING. IF YOU OBJECT, YOUR PERSONAL DATA WILL SUBSEQUENTLY NO LONGER BE USED FOR THE PURPOSE OF DIRECT MARKETING (OBJECTION UNDER ART. 21(2) GDPR).<\/p>\n\n\n\n<h6 class=\"wp-block-heading\">Right to Lodge a Complaint with a Supervisory Authority<\/h6>\n\n\n\n<p>In the event of violations of the GDPR, data subjects have the right to lodge a complaint with a supervisory authority, in particular in the Member State of their habitual residence, their place of work, or the place of the alleged violation. The right to lodge a complaint is without prejudice to any other administrative or judicial remedy.<\/p>\n\n\n\n<h6 class=\"wp-block-heading\">Right to Data Portability<\/h6>\n\n\n\n<p>You have the right to have data that we process automatically on the basis of your consent or in fulfillment of a contract handed over to you or to a third party in a common, machine-readable format. If you request the direct transfer of the data to another controller, this will only be done to the extent that it is technically feasible.<\/p>\n\n\n\n<h6 class=\"wp-block-heading\">Information, Rectification, and Erasure<\/h6>\n\n\n\n<p>Within the framework of the applicable legal provisions, you have the right at any time to free information about your stored personal data, its origin and recipients, and the purpose of the data processing, and, if applicable, a right to rectification or erasure of this data. You can contact us at any time for this purpose and for further questions on the subject of personal data.<\/p>\n\n\n\n<h6 class=\"wp-block-heading\">Right to Restriction of Processing<\/h6>\n\n\n\n<p>You have the right to request the restriction of the processing of your personal data. You can contact us at any time for this purpose. The right to restriction of processing exists in the following cases:<\/p>\n\n\n\n<p>If you dispute the accuracy of your personal data stored by us, we usually need time to verify this. For the duration of the verification, you have the right to request the restriction of the processing of your personal data.<\/p>\n\n\n\n<p>If the processing of your personal data was\/is unlawful, you can request the restriction of data processing instead of erasure.<\/p>\n\n\n\n<p>If we no longer need your personal data, but you need it to exercise, defend, or assert legal claims, you have the right to request the restriction of the processing of your personal data instead of erasure.<\/p>\n\n\n\n<p>If you have filed an objection pursuant to Art. 21(1) GDPR, a balance must be struck between your interests and ours. As long as it is not yet clear whose interests prevail, you have the right to request the restriction of the processing of your personal data.<\/p>\n\n\n\n<p>If you have restricted the processing of your personal data, this data \u2013 apart from its storage \u2013 may only be processed with your consent or for the establishment, exercise, or defense of legal claims or for the protection of the rights of another natural or legal person or for reasons of important public interest of the European Union or a Member State.<\/p>\n\n\n\n<h6 class=\"wp-block-heading\">SSL or TLS Encryption<\/h6>\n\n\n\n<p>For security reasons and to protect the transmission of confidential content, such as orders or inquiries that you send to us as the site operator, this site uses SSL or TLS encryption. You can recognize an encrypted connection by the fact that the address line of the browser changes from \u201ehttp:\/\/\u201c to \u201ehttps:\/\/\u201c and by the lock symbol in your browser line.<\/p>\n\n\n\n<p>If SSL or TLS encryption is activated, the data you transmit to us cannot be read by third parties.<\/p>\n\n\n\n<h5 class=\"wp-block-heading\">4. Data Collection on This Website<\/h5>\n\n\n\n<h6 class=\"wp-block-heading\">Contact Form<\/h6>\n\n\n\n<p>If you send us inquiries via the contact form, your details from the inquiry form, including the contact details you provided there, will be stored by us for the purpose of processing the inquiry and in case of follow-up questions. We do not pass on this data without your consent.<\/p>\n\n\n\n<p>The processing of this data is based on Art. 6(1)(b) GDPR, if your request is related to the fulfillment of a contract or is necessary for the implementation of pre-contractual measures. In all other cases, the processing is based on our legitimate interest in the effective processing of the inquiries addressed to us (Art. 6(1)(f) GDPR) or on your consent (Art. 6(1)(a) GDPR) if this was requested; the consent can be revoked at any time.<\/p>\n\n\n\n<p>The data you enter in the contact form will remain with us until you request us to erase it, revoke your consent to storage, or the purpose for data storage no longer applies (e.g., after your request has been fully processed). Mandatory legal provisions \u2013 in particular retention periods \u2013 remain unaffected.<\/p>\n\n\n\n<h5 class=\"wp-block-heading\">5. Plugins and Tools<\/h5>\n\n\n\n<h6 class=\"wp-block-heading\">Google reCAPTCHA <\/h6>\n\n\n\n<p>We use \u201eGoogle reCAPTCHA\u201c (hereinafter \u201ereCAPTCHA\u201c) on this website. The provider is Google Ireland Limited (\u201eGoogle\u201c), Gordon House, Barrow Street, Dublin 4, Ireland.<\/p>\n\n\n\n<p>reCAPTCHA is used to check whether the data input on this website (e.g., in a contact form) is made by a human or by an automated program. For this purpose, reCAPTCHA analyzes the behavior of the website visitor based on various characteristics. This analysis begins automatically as soon as the website visitor enters the website.\nFor the analysis, reCAPTCHA evaluates various information (e.g., IP address, the website visitor\u2019s dwell time on the website, or mouse movements made by the user). The data collected during the analysis is forwarded to Google.<\/p>\n\n\n\n<p>The reCAPTCHA analyses run entirely in the background. Website visitors are not informed that an analysis is taking place.<\/p>\n\n\n\n<p>The storage and analysis of the data are based on Art. 6(1)(f) GDPR. The website operator has a legitimate interest in protecting its web offerings from abusive automated spying and from SPAM. If a corresponding consent has been requested, the processing is carried out exclusively on the basis of Art. 6(1)(a) GDPR and \u00a7 25(1) TDDDG, insofar as the consent includes the storage of cookies or access to information on the user\u2019s end device (e.g., device fingerprinting) within the meaning of the TDDDG. The consent can be revoked at any time.<\/p>\n\n\n\n<p>For more information about Google reCAPTCHA, please see the Google Privacy Policy and the Google Terms of Service at the following links: <a href=\"https:\/\/policies.google.com\/privacy?hl=de\">https:\/\/policies.google.com\/privacy?hl=de<\/a> und <a href=\"https:\/\/policies.google.com\/terms?hl=de\">https:\/\/policies.google.com\/terms?hl=de<\/a>.<\/p>\n\n\n\n<p>The company is certified under the \u201eEU-US Data Privacy Framework\u201c (DPF). The DPF is an agreement between the European Union and the USA, which is intended to ensure compliance with European data protection standards for data processing in the USA. Every company certified under the DPF undertakes to comply with these data protection standards. For more information, please contact the provider at the following link: https:\/\/www.dataprivacyframework.gov\/participant\/5780.<\/p>\n\n\n\n<p>Source: <a href=\"https:\/\/www.e-recht24.de\">https:\/\/www.e-recht24.de<\/a><\/p>\n\n\n\n<div class=\"wp-block-stackable-spacer stk-block-spacer stk--no-padding stk-block stk-13d0ded\" data-block-id=\"13d0ded\"><style>.stk-13d0ded {height:50px !important;}<\/style><\/div>\n\n\n\n<p><\/p>","protected":false},"excerpt":{"rendered":"<p>Datenschutz Datenschutz 1. Datenschutz auf einen Blick Allgemeine Hinweise Die folgenden Hinweise geben einen einfachen \u00dcberblick dar\u00fcber, was mit Ihren personenbezogenen Daten passiert, wenn Sie diese Website besuchen. Personenbezogene Daten sind alle Daten, mit denen Sie pers\u00f6nlich identifiziert werden k\u00f6nnen. Ausf\u00fchrliche Informationen zum Thema Datenschutz entnehmen Sie unserer unter diesem Text aufgef\u00fchrten Datenschutzerkl\u00e4rung. Datenerfassung auf [&hellip;]<\/p>","protected":false},"author":1,"featured_media":0,"parent":0,"menu_order":0,"comment_status":"closed","ping_status":"closed","template":"","meta":{"footnotes":""},"class_list":["post-728","page","type-page","status-publish","hentry"],"blocksy_meta":{"has_hero_section":"disabled","styles_descriptor":{"styles":{"desktop":"","tablet":"","mobile":""},"google_fonts":[],"version":6},"vertical_spacing_source":"custom","content_area_spacing":"none"},"_links":{"self":[{"href":"https:\/\/www.software-lab.io\/en\/wp-json\/wp\/v2\/pages\/728","targetHints":{"allow":["GET"]}}],"collection":[{"href":"https:\/\/www.software-lab.io\/en\/wp-json\/wp\/v2\/pages"}],"about":[{"href":"https:\/\/www.software-lab.io\/en\/wp-json\/wp\/v2\/types\/page"}],"author":[{"embeddable":true,"href":"https:\/\/www.software-lab.io\/en\/wp-json\/wp\/v2\/users\/1"}],"replies":[{"embeddable":true,"href":"https:\/\/www.software-lab.io\/en\/wp-json\/wp\/v2\/comments?post=728"}],"version-history":[{"count":12,"href":"https:\/\/www.software-lab.io\/en\/wp-json\/wp\/v2\/pages\/728\/revisions"}],"predecessor-version":[{"id":807,"href":"https:\/\/www.software-lab.io\/en\/wp-json\/wp\/v2\/pages\/728\/revisions\/807"}],"wp:attachment":[{"href":"https:\/\/www.software-lab.io\/en\/wp-json\/wp\/v2\/media?parent=728"}],"curies":[{"name":"wp","href":"https:\/\/api.w.org\/{rel}","templated":true}]}}